{"id":29,"date":"2017-02-17T08:39:20","date_gmt":"2017-02-17T07:39:20","guid":{"rendered":"https:\/\/wpcane.com\/demo\/business-era\/?page_id=29"},"modified":"2025-09-10T15:09:17","modified_gmt":"2025-09-10T13:09:17","slug":"home","status":"publish","type":"page","link":"https:\/\/eitels.com\/me\/","title":{"rendered":"Home"},"content":{"rendered":"\n<hr class=\"wp-block-separator has-css-opacity is-style-wide\"\/>\n\n\n\n<a id=\"eitels-web\"><\/a>\n\n\n\n<div style=\"height:20px\" aria-hidden=\"true\" class=\"wp-block-spacer\"><\/div>\n\n\n\n<h2 class=\"wp-block-heading\">Web<\/h2>\n\n\n\n<div style=\"height:20px\" aria-hidden=\"true\" class=\"wp-block-spacer\"><\/div>\n\n\n\n<h3 class=\"wp-block-heading\">&#8222;Der erste Eindruck z\u00e4hlt!&#8220; :: Sowohl offline als auch online.<\/h3>\n\n\n\n<div style=\"height:20px\" aria-hidden=\"true\" class=\"wp-block-spacer\"><\/div>\n\n\n\n<p>Heutzutage gewinnen die meisten Menschen den ersten Eindruck von Ihnen oder Ihrem Unternehmen nicht pers\u00f6nlich, sondern nach einem Blick auf Ihre Internet-Pr\u00e4senzen &#8211; dieser Blick folgt auch dann, wenn der pers\u00f6nliche Kontakt zuerst stattgefunden hat.<\/p>\n\n\n\n<p>Wenn der pers\u00f6nliche und der &#8218;digitale&#8216; Eindruck stimmt, dann wird nicht weiter zum Wettbewerber geklickt und die Chancen einen Kunden oder Gesch\u00e4ftspartner zu gewinnen, steigen!<\/p>\n\n\n\n<div style=\"height:20px\" aria-hidden=\"true\" class=\"wp-block-spacer\"><\/div>\n\n\n\n<h3 class=\"wp-block-heading\">Bringen Sie neuen Glanz in Ihre &#8218;digitale&#8216; H\u00fctte :: es wird sich bezahlt machen! <\/h3>\n\n\n\n<div style=\"height:20px\" aria-hidden=\"true\" class=\"wp-block-spacer\"><\/div>\n\n\n\n<div class=\"wp-block-cover aligncenter has-parallax has-custom-content-position is-position-center-right no-bg-color\"><div class=\"wp-block-cover__image-background wp-image-211 has-parallax\" style=\"background-position:50% 50%;background-image:url(https:\/\/eitels.com\/me\/wp-content\/uploads\/sites\/4\/2019\/11\/web-service4.jpg)\"><\/div><span aria-hidden=\"true\" class=\"wp-block-cover__background has-background-dim-30 has-background-dim\"><\/span><div class=\"wp-block-cover__inner-container is-layout-flow wp-block-cover-is-layout-flow\">\n<ul class=\"wp-block-list has-white-color has-luminous-vivid-orange-background-color has-text-color has-background\">\n<li>Websites &amp; Online-Shops: <br>erstellen | optimieren | pflegen<\/li>\n\n\n\n<li>Content Management Systeme (CMS)<\/li>\n\n\n\n<li>digitale Zusammen\u00adarbeit erm\u00f6glichen<\/li>\n\n\n\n<li>digitale Kommunikation optimieren<\/li>\n\n\n\n<li>Hosting-, Mail- und Domain-<br>Administration<\/li>\n\n\n\n<li>SEO &#8211; Search Engine Optimization<\/li>\n\n\n\n<li>Android- &amp; iPhone-Apps <\/li>\n\n\n\n<li>Verkaufs\u00adplattformen &amp; soziale <br>Netzwerke einrichten und pflegen<\/li>\n\n\n\n<li>Projekt\u00admanagement<\/li>\n<\/ul>\n<\/div><\/div>\n\n\n\n<div style=\"height:100px\" aria-hidden=\"true\" class=\"wp-block-spacer\"><\/div>\n\n\n\n<\/div><\/div><\/div><\/div><section id=\"themeservices_section\"><div class=\"container\">\n<div class=\"content_area fullwidth\"><div class=\"entry-content\">\n\n\n\n<hr class=\"wp-block-separator has-css-opacity is-style-wide\"\/>\n\n\n\n<a id=\"eitels-itk\"><\/a>\n\n\n\n<div style=\"height:20px\" aria-hidden=\"true\" class=\"wp-block-spacer\"><\/div>\n\n\n\n<h2 class=\"wp-block-heading has-text-align-left\">ITK<\/h2>\n\n\n\n<div style=\"height:20px\" aria-hidden=\"true\" class=\"wp-block-spacer\"><\/div>\n\n\n\n<h3 class=\"wp-block-heading\">&#8222;Arbeite klug, nicht hart!&#8220; :: Gilt in der ITK mehr denn je.<\/h3>\n\n\n\n<div style=\"height:20px\" aria-hidden=\"true\" class=\"wp-block-spacer\"><\/div>\n\n\n\n<p>Neue Informations- und Kommunikationstechnologien sollen uns im Privat- und Berufsleben unterst\u00fctzen und vieles &#8218;einfacher &amp; schneller machen&#8216; &#8211; in der Theorie eine wunderbare Vorstellung, aber die Praxis stellt sich eher gegenteilig dar &#8211; Technologien werden stets komplexer, un\u00fcbersichtlicher und selbst vermeintlich kleine Komplikationen enden in zeit-, nerven- und geldraubenden Hindernissen &#8211; vergleichbar mit einem &#8218;reparaturfreundlichen&#8216; Youngtimer und einem modernen Fahrzeug, bei dem manche schon an der Tankdeckel-\u00d6ffnung verzweifeln. <\/p>\n\n\n\n<p>Meist ist schon eine kleine \u00c4nderung, z.B. nach einem Update, ausreichend, um ein &#8218;Zahnrad&#8216; aus dem Gleichlauf zu bringen, was sich auf das gesamte &#8218;Getriebe&#8216; auswirkt. <\/p>\n\n\n\n<p>Klug ist, wer sich in solch einem Fall auf schnelle und zuverl\u00e4ssige Unterst\u00fctzung verlassen kann, die eigenen F\u00e4higkeiten besser anderweitig nutzt und diese T\u00e4tigkeiten einem Experten \u00fcberl\u00e4sst! <\/p>\n\n\n\n<div style=\"height:20px\" aria-hidden=\"true\" class=\"wp-block-spacer\"><\/div>\n\n\n\n<h3 class=\"wp-block-heading\">Arbeiten Sie klug und lassen Sie moderne ITK-Systeme die harte Arbeit erledigen :: schont Zeit und Nerven und macht sich mehrfach bezahlt! <\/h3>\n\n\n\n<div style=\"height:20px\" aria-hidden=\"true\" class=\"wp-block-spacer\"><\/div>\n\n\n\n<div class=\"wp-block-cover aligncenter has-parallax has-custom-content-position is-position-center-right no-bg-color\"><div class=\"wp-block-cover__image-background wp-image-208 has-parallax\" style=\"background-position:50% 50%;background-image:url(https:\/\/eitels.com\/me\/wp-content\/uploads\/sites\/4\/2019\/11\/it-service.jpg)\"><\/div><span aria-hidden=\"true\" class=\"wp-block-cover__background has-background-dim-30 has-background-dim\"><\/span><div class=\"wp-block-cover__inner-container is-layout-flow wp-block-cover-is-layout-flow\">\n<ul class=\"wp-block-list has-white-color has-luminous-vivid-orange-background-color has-text-color has-background\">\n<li>Software-\u00adInstallation, Problem-\u00adBeseitigung &amp; -L\u00f6sungen<\/li>\n\n\n\n<li>Hardware-\u00adL\u00f6sungen, -Reparatur &amp; -Installation<\/li>\n\n\n\n<li>Open Source-\u00adL\u00f6sungen: <br>Blog, CRM, ERP, Projekt\u00admanagement, Faktura, Vermietung | -waltung<\/li>\n\n\n\n<li>Microsoft Windows &amp; Linux Systeme und web-basiert<\/li>\n\n\n\n<li>Netzwerk-\u00adSysteme<\/li>\n\n\n\n<li>Peripherie-\u00adL\u00f6sungen<\/li>\n\n\n\n<li>Software-\u00adSchulung &amp; -Support<\/li>\n\n\n\n<li>Telekommunikation: Systeme, Tarifberatung &amp; -optimierung<\/li>\n<\/ul>\n<\/div><\/div>\n\n\n\n<div style=\"height:100px\" aria-hidden=\"true\" class=\"wp-block-spacer\"><\/div>\n\n\n\n<\/div><\/div><\/div><\/section><div class=\"container\"><div id=\"site-content\"><div class=\"content_area fullwidth\"><div class=\"entry-content\">\n\n\n\n<hr class=\"wp-block-separator has-css-opacity is-style-wide\"\/>\n\n\n\n<a id=\"eitels-sale-service\"><\/a>\n\n\n\n<div style=\"height:20px\" aria-hidden=\"true\" class=\"wp-block-spacer\"><\/div>\n\n\n\n<h2 class=\"wp-block-heading\">Sale &amp; Service<\/h2>\n\n\n\n<div style=\"height:20px\" aria-hidden=\"true\" class=\"wp-block-spacer\"><\/div>\n\n\n\n<h3 class=\"wp-block-heading\">&#8222;Vom Management kann man nicht erwarten, dass es eine gute Idee erkennt :: solange sie ihm nicht von einem guten Verk\u00e4ufer pr\u00e4sentiert wird!&#8220;<\/h3>\n\n\n\n<div style=\"height:20px\" aria-hidden=\"true\" class=\"wp-block-spacer\"><\/div>\n\n\n\n<p>Ohne unmittelbaren Zugang zu potentiellen Kunden verkauft sich selbst ein einzigartiges Produkt oder eine konkurrenzlose Dienstleistung nicht von selbst &#8211; au\u00dferdem verdeutlicht obiges Zitat, dass der menschliche Faktor hierbei keineswegs zu untersch\u00e4tzen ist!<\/p>\n\n\n\n<p>Und bei der gegenw\u00e4rtig vorherrschenden Angebotsvielfalt ist nahezu jede Leistung austauschbar und der Wettbewerb meist nur ein &#8218;Klick&#8216; entfernt.<\/p>\n\n\n\n<p>Komplett ist ein Angebot au\u00dferdem erst dann, wenn der Vertrieb gleichzeitig in der Lage ist, das Produkt oder die Dienstleistung auch selbst zu erbringen &#8211; eine optimale Verbindung aus Verkaufstalent und Qualifikation ist in diesem Prozess gefragt, damit der schmale Grat zu &#8222;Fachidiot schl\u00e4gt Kunde tot&#8220; nicht \u00fcberschritten wird! Sp\u00e4testens im &#8218;After-Sale-Prozess&#8216; ist wieder Fachwissen gefragt, damit der Kunde nicht &#8222;im Regen stehen gelassen wird&#8220;!<\/p>\n\n\n\n<div style=\"height:20px\" aria-hidden=\"true\" class=\"wp-block-spacer\"><\/div>\n\n\n\n<h3 class=\"wp-block-heading\">Ihr Portfolio ben\u00f6tigt Ihre volle Aufmerksamkeit, \u00fcberlassen Sie einem Spezialisten den Vertriebs- und Service-Prozess :: es wird sich vielmals auszahlen! <\/h3>\n\n\n\n<div style=\"height:20px\" aria-hidden=\"true\" class=\"wp-block-spacer\"><\/div>\n\n\n\n<div class=\"wp-block-cover aligncenter has-parallax has-custom-content-position is-position-center-right no-bg-color\"><div class=\"wp-block-cover__image-background wp-image-219 has-parallax\" style=\"background-position:50% 50%;background-image:url(https:\/\/eitels.com\/me\/wp-content\/uploads\/sites\/4\/2019\/11\/commerce2.jpg)\"><\/div><span aria-hidden=\"true\" class=\"wp-block-cover__background has-background-dim-30 has-background-dim\"><\/span><div class=\"wp-block-cover__inner-container is-layout-flow wp-block-cover-is-layout-flow\">\n<ul class=\"wp-block-list has-white-color has-luminous-vivid-orange-background-color has-text-color has-background\">\n<li>Vertriebskompetenz, Kunden\u00adgewinnung und partner\u00adschaftliche Zusammen\u00adarbeit seit 1999 &#8211; in der Beratung und im Sale &amp; Service<\/li>\n\n\n\n<li>Nutzung etablierter und digitaler Vertriebs\u00adkan\u00e4le<\/li>\n\n\n\n<li>Beratungs- &amp; Vertriebs-\u00adPartnerschaften<\/li>\n\n\n\n<li>Service- &amp; Installations\u00adpartner im After-\u00adSale-\u00adProzess<\/li>\n<\/ul>\n<\/div><\/div>\n\n\n\n<div style=\"height:100px\" aria-hidden=\"true\" class=\"wp-block-spacer\"><\/div>\n\n\n\n<\/div><\/div><\/div><\/div><section id=\"themeservices_section\" style=\"background-color: #f1f1f1 !important\"><div class=\"container\">\n\n\n\n<hr class=\"wp-block-separator has-css-opacity is-style-wide\"\/>\n\n\n\n<a id=\"eitels-kontakt\"><\/a>\n\n\n\n<div style=\"height:20px\" aria-hidden=\"true\" class=\"wp-block-spacer\"><\/div>\n\n\n\n<h2 class=\"wp-block-heading\">Kontakt<\/h2>\n\n\n\n<div style=\"height:20px\" aria-hidden=\"true\" class=\"wp-block-spacer\"><\/div>\n\n\n\n<!--<iframe loading=\"lazy\" scrolling=\"no\" marginheight=\"0\" marginwidth=\"0\" src=\"https:\/\/www.openstreetmap.org\/export\/embed.html?bbox=8.121643066406252%2C48.11843396091691%2C11.293945312500002%2C49.26063518364424&amp;layer=mapnik&amp;marker=48.69277343252793%2C9.707794189453125\" style=\"border: 1px solid black\" width=\"100%\" height=\"350\" frameborder=\"0\"><\/iframe><br><small><a href=\"https:\/\/www.openstreetmap.org\/?mlat=48.6928&amp;mlon=9.7078#map=10\/48.6928\/9.7078\" target=\"_blank\" rel=\"noopener noreferrer nofollow\">Gr\u00f6\u00dfere Karte anzeigen<\/a><\/small>\n\n<iframe loading=\"lazy\" src=\"https:\/\/www.google.com\/maps\/embed?pb=!1m18!1m12!1m3!1d2633.682547350325!2d9.706023216427937!3d48.69243377927151!2m3!1f0!2f0!3f0!3m2!1i1024!2i768!4f13.1!3m3!1m2!1s0x4799a117fddf9895%3A0xda963d41c1e722f8!2sJohann-Jakob-Haid-Weg%203%2C%2073054%20Eislingen%2FFils!5e0!3m2!1sde!2sde!4v1612175424414!5m2!1sde!2sde\" style=\"border: 1px solid #717171; border-radius: 10px;\" allowfullscreen=\"\" aria-hidden=\"false\" tabindex=\"0\" width=\"100%\" height=\"300\" frameborder=\"0\">\n\n<p><img decoding=\"async\" src=\"https:\/\/eitels.com\/me\/wp-content\/uploads\/2021\/02\/Routenplaner.jpg\" alt=\"\" loading=\"lazy\" width=\"100%\" height=\"auto\"><br><br><a href=\"https:\/\/www.google.com\/maps\/dir\/\/Johann-Jakob-Haid-Weg+3,+73054+Eislingen%2FFils\/@48.6924338,9.7060179,17z\/data=!4m8!4m7!1m0!1m5!1m1!1s0x4799a117fddf9895:0xda963d41c1e722f8!2m2!1d9.7082119!2d48.6924338?hl=de\" target=\"_blank\" rel=\"noopener noreferrer nofollow\">Routenplaner Google Maps<\/a><\/p>\n\n<\/iframe>\n\nalignwide \n-->\n\n\n\n<figure class=\"wp-block-image size-large\"><a href=\"https:\/\/maps.openrouteservice.org\/#\/directions\/null\/Johann-Jakob-Haid-Weg%203,Eislingen%2FFils,BW,Deutschland\/data\/55,130,32,198,15,97,4,224,38,9,96,59,2,24,5,192,166,6,113,0,184,72,129,92,1,178,32,26,66,72,27,128,78,0,232,7,96,1,128,14,0,152,3,96,17,148,128,89,157,189,181,86,61,216,6,97,10,68,4,0,14,169,224,68,77,135,40,0,94,80,2,218,228,238,210,116,232,16,1,155,194,46,151,8,88,209,224,3,114,64,28,192,45,24,100,208,36,131,222,128,250,104,233,17,133,55,155,210,29,93,71,214,29,22,4,0,23,210,40,0\" target=\"_blank\" rel=\"noreferrer noopener nofollow\" title=\"Routenplaner (extern) \/\/ Route planner (external)\"><img decoding=\"async\" src=\"https:\/\/eitels.com\/me\/wp-content\/uploads\/sites\/4\/2023\/08\/Kontakt-eitels-1.jpg\" style=\"border: 1px solid black;\" alt=\"\" class=\"wp-image-1666\"><\/a><figcaption class=\"wp-element-caption\" style=\"margin-top: -33px; font-size: 0.7em;\"><a href=\"https:\/\/www.openstreetmap.org\/copyright\" target=\"_blank\" rel=\"noreferrer noopener nofollow\" style=\"background-color: #fff; padding: 1px 3px; border-radius: 5px;\" title=\"copyright (extern \/\/ external)\">\u00a9 OpenStreetMap contributors<\/a><\/figcaption><\/figure>\n\n\n\n<div style=\"height:50px\" aria-hidden=\"true\" class=\"wp-block-spacer\"><\/div>\n\n\n\n<div>\n<div>\n<!--<div class=\"bootstrap-wrapper\">\n    <div class=\"container\">-->\n        <div class=\"row\">\n<div class=\"col-xs-12 col-sm-12 col-md-8\">\n\n\n\n<div class=\"wpcf7 no-js\" id=\"wpcf7-f693-o1\" lang=\"de-DE\" dir=\"ltr\" data-wpcf7-id=\"693\">\n<div class=\"screen-reader-response\"><p role=\"status\" aria-live=\"polite\" aria-atomic=\"true\"><\/p> <ul><\/ul><\/div>\n<form action=\"\/me\/wp-json\/wp\/v2\/pages\/29#wpcf7-f693-o1\" method=\"post\" class=\"wpcf7-form init\" aria-label=\"Kontaktformular\" novalidate=\"novalidate\" data-status=\"init\">\n<fieldset class=\"hidden-fields-container\"><input type=\"hidden\" name=\"_wpcf7\" value=\"693\" \/><input type=\"hidden\" name=\"_wpcf7_version\" value=\"6.1.5\" \/><input type=\"hidden\" name=\"_wpcf7_locale\" value=\"de_DE\" \/><input type=\"hidden\" name=\"_wpcf7_unit_tag\" value=\"wpcf7-f693-o1\" \/><input type=\"hidden\" name=\"_wpcf7_container_post\" value=\"0\" \/><input type=\"hidden\" name=\"_wpcf7_posted_data_hash\" value=\"\" \/>\n<\/fieldset>\n<DIV id=\"kontaktform\">\n\t<div class=\"senthidden\">\n\t\t<div>\n\t\t\t<p><label>Name \/ Ansprechpartner*<br \/>\n<span class=\"wpcf7-form-control-wrap\" data-name=\"Ansprechpartner\"><input size=\"40\" maxlength=\"400\" class=\"wpcf7-form-control wpcf7-text wpcf7-validates-as-required\" aria-required=\"true\" aria-invalid=\"false\" value=\"\" type=\"text\" name=\"Ansprechpartner\" \/><\/span><\/label>\n\t\t\t<\/p>\n\t\t<\/div>\n\t\t<div>\n\t\t\t<p><label>Firma<br \/>\n<span class=\"wpcf7-form-control-wrap\" data-name=\"Firma\"><input size=\"40\" maxlength=\"400\" class=\"wpcf7-form-control wpcf7-text\" aria-invalid=\"false\" value=\"\" type=\"text\" name=\"Firma\" \/><\/span><\/label>\n\t\t\t<\/p>\n\t\t<\/div>\n\t\t<div>\n\t\t\t<p><label>Telefonnummer*<br \/>\n<span class=\"wpcf7-form-control-wrap\" data-name=\"Telefonnummer\"><input size=\"40\" maxlength=\"400\" class=\"wpcf7-form-control wpcf7-tel wpcf7-validates-as-required wpcf7-text wpcf7-validates-as-tel\" aria-required=\"true\" aria-invalid=\"false\" value=\"\" type=\"tel\" name=\"Telefonnummer\" \/><\/span><\/label>\n\t\t\t<\/p>\n\t\t<\/div>\n\t\t<div>\n\t\t\t<p><label>E-Mail Adresse*<br \/>\n<span class=\"wpcf7-form-control-wrap\" data-name=\"E-MailAdresse\"><input size=\"40\" maxlength=\"400\" class=\"wpcf7-form-control wpcf7-email wpcf7-validates-as-required wpcf7-text wpcf7-validates-as-email\" aria-required=\"true\" aria-invalid=\"false\" value=\"\" type=\"email\" name=\"E-MailAdresse\" \/><\/span><\/label>\n\t\t\t<\/p>\n\t\t<\/div>\n\t\t<p><label><span class=\"wpcf7-form-control-wrap\" data-name=\"Nachricht\"><textarea cols=\"40\" rows=\"2\" maxlength=\"2000\" class=\"wpcf7-form-control wpcf7-textarea wpcf7-validates-as-required\" aria-required=\"true\" aria-invalid=\"false\" placeholder=\"Ihre Nachricht*\" name=\"Nachricht\"><\/textarea><\/span><\/label>\n\t\t<\/p>\n\t\t<p class=\"smallerbottom\"><br \/>\nDSGVO-Einverst\u00e4ndnis*\n\t\t<\/p>\n\t\t<div style=\"float:left; width:50px; position: relative; vertical-align: middle; top: 3px;\" class=\"use-floating-validation-tip\">\n\t\t\t<p><span class=\"wpcf7-form-control-wrap\" data-name=\"DSGVO-check\"><span class=\"wpcf7-form-control wpcf7-checkbox wpcf7-validates-as-required\"><span class=\"wpcf7-list-item first last\"><label><input type=\"checkbox\" name=\"DSGVO-check[]\" value=\"4\" \/><span class=\"wpcf7-list-item-label\">4<\/span><\/label><\/span><\/span><\/span>\n\t\t\t<\/p>\n\t\t<\/div>\n\t\t<div style=\"float:right; width: calc(100% - 50px); position: relative; vertical-align: middle; top: 5px; text-align: left;\">\n\t\t\t<p>Ich willige ein, dass meine \u00fcbermittelten Informationen gespeichert werden, um meine Anfrage beantworten zu k\u00f6nnen.\n\t\t\t<\/p>\n\t\t<\/div>\n\t\t<p><span id=\"wpcf7-69f88f59162e0-wrapper\" class=\"wpcf7-form-control-wrap Informationen-wrap\" ><label for=\"wpcf7-69f88f59162e0-field\" class=\"hp-message\">Bitte lasse dieses Feld leer.<\/label><input id=\"wpcf7-69f88f59162e0-field\"  class=\"wpcf7-form-control wpcf7-text\" type=\"text\" name=\"Informationen\" value=\"\" size=\"40\" tabindex=\"-1\" autocomplete=\"new-password\" \/><\/span>\n\t\t<\/p>\n\t\t<div style=\"clear: both;\">\n\t\t\t<p>&nbsp;\n\t\t\t<\/p>\n\t\t<\/div>\n\t\t<div>\n\t\t\t<p style=\"margin-top: 25px !important; margin-bottom: 0 !important;\"><input class=\"wpcf7-form-control wpcf7-submit has-spinner\" type=\"submit\" value=\"Senden\" \/>\n\t\t\t<\/p>\n\t\t<\/div>\n\t\t<p style=\"margin-top: 0; margin-bottom: 0;\">&nbsp;\n\t\t<\/p>\n\t\t<div style=\"margin-bottom: 0;\">\n\t\t\t<p>* = Pflichtfelder\n\t\t\t<\/p>\n\t\t<\/div>\n\t\t<div style=\"clear: both; margin: 0;\">\n\t\t\t<p>&nbsp;\n\t\t\t<\/p>\n\t\t<\/div>\n\t<\/div>\n<\/div><div class=\"wpcf7-response-output\" aria-hidden=\"true\"><\/div>\n<\/form>\n<\/div>\n\n\n\n\n<\/div>\n<div class=\"col-xs-12 col-sm-12 col-md-4\">\n\n\n\n<figure class=\"wp-block-image size-large is-style-default\"><img loading=\"lazy\" decoding=\"async\" width=\"1024\" height=\"966\" src=\"https:\/\/eitels.com\/me\/wp-content\/uploads\/sites\/4\/2021\/02\/Marc-Oliver-Eitel_web2-1024x966.jpg\" alt=\"\" class=\"wp-image-721\" srcset=\"https:\/\/eitels.com\/me\/wp-content\/uploads\/sites\/4\/2021\/02\/Marc-Oliver-Eitel_web2-1024x966.jpg 1024w, https:\/\/eitels.com\/me\/wp-content\/uploads\/sites\/4\/2021\/02\/Marc-Oliver-Eitel_web2-300x283.jpg 300w, https:\/\/eitels.com\/me\/wp-content\/uploads\/sites\/4\/2021\/02\/Marc-Oliver-Eitel_web2-768x725.jpg 768w, https:\/\/eitels.com\/me\/wp-content\/uploads\/sites\/4\/2021\/02\/Marc-Oliver-Eitel_web2-1536x1449.jpg 1536w, https:\/\/eitels.com\/me\/wp-content\/uploads\/sites\/4\/2021\/02\/Marc-Oliver-Eitel_web2-2048x1932.jpg 2048w, https:\/\/eitels.com\/me\/wp-content\/uploads\/sites\/4\/2021\/02\/Marc-Oliver-Eitel_web2-500x472.jpg 500w, https:\/\/eitels.com\/me\/wp-content\/uploads\/sites\/4\/2021\/02\/Marc-Oliver-Eitel_web2-800x755.jpg 800w, https:\/\/eitels.com\/me\/wp-content\/uploads\/sites\/4\/2021\/02\/Marc-Oliver-Eitel_web2-1280x1208.jpg 1280w, https:\/\/eitels.com\/me\/wp-content\/uploads\/sites\/4\/2021\/02\/Marc-Oliver-Eitel_web2-1920x1811.jpg 1920w\" sizes=\"auto, (max-width: 1024px) 100vw, 1024px\" \/><\/figure>\n\n\n\n<div style=\"height:40px\" aria-hidden=\"true\" class=\"wp-block-spacer\"><\/div>\n\n\n\n<\/div><\/section>\n<\/div>\n        <\/div>\n    <\/div>\n<\/div>\n\n\n\n<p><\/p>\n","protected":false},"excerpt":{"rendered":"<p>Web &#8222;Der erste Eindruck z\u00e4hlt!&#8220; :: Sowohl offline als auch online. Heutzutage gewinnen die meisten Menschen den ersten Eindruck von [&hellip;]<\/p>\n","protected":false},"author":1,"featured_media":0,"parent":0,"menu_order":10,"comment_status":"closed","ping_status":"closed","template":"template-full-width.php","meta":{"footnotes":""},"class_list":["post-29","page","type-page","status-publish","hentry"],"_links":{"self":[{"href":"https:\/\/eitels.com\/me\/wp-json\/wp\/v2\/pages\/29","targetHints":{"allow":["GET"]}}],"collection":[{"href":"https:\/\/eitels.com\/me\/wp-json\/wp\/v2\/pages"}],"about":[{"href":"https:\/\/eitels.com\/me\/wp-json\/wp\/v2\/types\/page"}],"author":[{"embeddable":true,"href":"https:\/\/eitels.com\/me\/wp-json\/wp\/v2\/users\/1"}],"replies":[{"embeddable":true,"href":"https:\/\/eitels.com\/me\/wp-json\/wp\/v2\/comments?post=29"}],"version-history":[{"count":36,"href":"https:\/\/eitels.com\/me\/wp-json\/wp\/v2\/pages\/29\/revisions"}],"predecessor-version":[{"id":1832,"href":"https:\/\/eitels.com\/me\/wp-json\/wp\/v2\/pages\/29\/revisions\/1832"}],"wp:attachment":[{"href":"https:\/\/eitels.com\/me\/wp-json\/wp\/v2\/media?parent=29"}],"curies":[{"name":"wp","href":"https:\/\/api.w.org\/{rel}","templated":true}]}}